{"id":568,"date":"2019-03-29T18:30:26","date_gmt":"2019-03-29T17:30:26","guid":{"rendered":"http:\/\/tractambe-sad.com\/?page_id=568"},"modified":"2024-01-08T16:27:49","modified_gmt":"2024-01-08T15:27:49","slug":"compra-i-realitzacio-dapats","status":"publish","type":"page","link":"https:\/\/tractambe-sad.com\/inicio\/inicio\/serveis\/serveis-assistencials-domicili-sad\/compra-i-realitzacio-dapats\/","title":{"rendered":"Compra i Realitzaci\u00f3 d&#8217;\u00c0pats"},"content":{"rendered":"<p><div class=\"fusion-fullwidth fullwidth-box fusion-builder-row-1 nonhundred-percent-fullwidth non-hundred-percent-height-scrolling\" style=\"background-color: rgba(255,255,255,0);background-position: center center;background-repeat: no-repeat;padding-top:0px;padding-right:0px;padding-bottom:0px;padding-left:0px;margin-bottom: 0px;margin-top: 0px;border-width: 0px 0px 0px 0px;border-color:#eae9e9;border-style:solid;\" ><div class=\"fusion-builder-row fusion-row\"><div class=\"fusion-layout-column fusion_builder_column fusion-builder-column-0 fusion_builder_column_1_1 1_1 fusion-one-full fusion-column-first fusion-column-last\" style=\"margin-top:0px;margin-bottom:0px;\"><div class=\"fusion-column-wrapper fusion-flex-column-wrapper-legacy\" style=\"background-position:left top;background-repeat:no-repeat;-webkit-background-size:cover;-moz-background-size:cover;-o-background-size:cover;background-size:cover;padding: 0px 0px 0px 0px;\"><style type=\"text\/css\"><\/style><div class=\"fusion-title title fusion-title-1 fusion-title-text fusion-title-size-one\" style=\"margin-top:0px;margin-right:0px;margin-bottom:31px;margin-left:0px;\"><h1 class=\"title-heading-left\" style=\"margin:0;\">Compra i Realitzaci\u00f3 d&#8217;\u00c0pats<\/h1><span class=\"awb-title-spacer\"><\/span><div class=\"title-sep-container\"><div class=\"title-sep sep-double sep-solid\" style=\"border-color:#e0dede;\"><\/div><\/div><\/div><div class=\"fusion-clearfix\"><\/div><\/div><\/div><\/div><\/div><div class=\"fusion-fullwidth fullwidth-box fusion-builder-row-2 nonhundred-percent-fullwidth non-hundred-percent-height-scrolling\" style=\"background-color: rgba(255,255,255,0);background-position: center center;background-repeat: no-repeat;padding-top:0px;padding-right:0px;padding-bottom:0px;padding-left:0px;margin-bottom: 0px;margin-top: 0px;border-width: 0px 0px 0px 0px;border-color:#eae9e9;border-style:solid;\" ><div class=\"fusion-builder-row fusion-row\"><div class=\"fusion-layout-column fusion_builder_column fusion-builder-column-1 fusion_builder_column_1_1 1_1 fusion-one-full fusion-column-first fusion-column-last\" style=\"margin-top:0px;margin-bottom:20px;\"><div class=\"fusion-column-wrapper fusion-flex-column-wrapper-legacy\" style=\"background-position:left top;background-repeat:no-repeat;-webkit-background-size:cover;-moz-background-size:cover;-o-background-size:cover;background-size:cover;padding: 0px 0px 0px 0px;\"><div class=\"fusion-text fusion-text-1\"><p>Un dels serveis de Tracta&#8217;m B\u00e9 s\u00f3n les compres ( per supervisi\u00f3 amb l&#8217;usuari o per enc\u00e0rrec) i l&#8217;elaboraci\u00f3 d&#8217;\u00e0pats dins del domicili, aplicant amb el m\u00e0xim rigor t\u00e8cniques d&#8217;higiene alimentaria, sistemes i m\u00e8todes de conservaci\u00f3 dels aliments.<\/p>\n<p>Com sempre i en tots els nostres serveis, afavorim i facilitem que l&#8217;usuari en estat de depend\u00e8ncia, des de el m\u00e9s petit fins al m\u00e9s gran participin i col.laborin en aquestes tasques.<\/p>\n<p>Dins de les compres tindrem en compte la manera en que, per l&#8217;usuari ser\u00e0 millor fer-les segons el seu grau d&#8217;autonomia. Des de personalment fins a compres virtuals i per tel\u00e8fon. La compra \u00e9s una activitat en la que el seu objectiu \u00e9s l&#8217;aprovisionament dels productes i aliments habituals i necessaris a les llars. Aquest servei engloba desde la confecci\u00f3 de la llista de la compra junt amb l&#8217;usuari (o en cas d&#8217;impossibilitat, amb criteri propi) fins a la conservaci\u00f3 i higiene dels aliments al domicili per tal d&#8217;evitar el deteriorament prematur dels aliments i de riscos per a la salut derivats de la mala manipulaci\u00f3 dels mateixos.<\/p>\n<p>En la realitzaci\u00f3 d&#8217;\u00e0pats utilitzem t\u00e8cniques b\u00e0siques de cuina, aix\u00ed com utensilis i electrodom\u00e8stics que tinguem al nostre abast dins del domicili.<\/p>\n<p>Planifiquem el men\u00fa en base a uns principis d&#8217;alimentaci\u00f3 i nutrici\u00f3. Una dieta de qualitat i saludable, dins del pressupost establert i considerant la situaci\u00f3 espec\u00edfica alimentaria i nutricional de cada persona dependent.<\/p>\n<p>Tamb\u00e9 assessorem a la fam\u00edlia en la planificaci\u00f3 de men\u00fas setmanals i diaris, aix\u00ed tamb\u00e9 les racions i mesures recomanades per a cada usuari tenint en compte la seva situaci\u00f3 i la seva necessitat espec\u00edfica d&#8217;energia i nutrients.<\/p>\n<p>Tenim present els problemes nutricionals de les societats desenvolupades i, dins del pressupost del que depenem, equilibrem el producte m\u00e9s sa i adient per al nostre usuari.<\/p>\n<\/div><div class=\"fusion-sep-clear\"><\/div><div class=\"fusion-separator\" style=\"margin-left: auto;margin-right: auto;margin-top:10px;margin-bottom:60px;width:100%;max-width:70%;\"><div class=\"fusion-separator-border sep-shadow\" style=\"background:radial-gradient(ellipse at 50% -50% , #e0dede 0px, rgba(255, 255, 255, 0) 80%) repeat scroll 0 0 rgba(0, 0, 0, 0);background:-webkit-radial-gradient(ellipse at 50% -50% , #e0dede 0px, rgba(255, 255, 255, 0) 80%) repeat scroll 0 0 rgba(0, 0, 0, 0);background:-moz-radial-gradient(ellipse at 50% -50% , #e0dede 0px, rgba(255, 255, 255, 0) 80%) repeat scroll 0 0 rgba(0, 0, 0, 0);background:-o-radial-gradient(ellipse at 50% -50% , #e0dede 0px, rgba(255, 255, 255, 0) 80%) repeat scroll 0 0 rgba(0, 0, 0, 0);\"><\/div><\/div><div class=\"fusion-sep-clear\"><\/div><div class=\"fusion-clearfix\"><\/div><\/div><\/div><\/div><\/div>\n<\/p>\n","protected":false},"excerpt":{"rendered":"","protected":false},"author":1,"featured_media":0,"parent":349,"menu_order":0,"comment_status":"closed","ping_status":"closed","template":"","meta":[],"yoast_head":"<!-- This site is optimized with the Yoast SEO plugin v18.1 - https:\/\/yoast.com\/wordpress\/plugins\/seo\/ -->\n<title>Compra i Realitzaci\u00f3 d&#039;\u00c0pats - Tracta&#039;m B\u00e9<\/title>\n<meta name=\"robots\" content=\"index, follow, max-snippet:-1, max-image-preview:large, max-video-preview:-1\" \/>\n<link rel=\"canonical\" href=\"https:\/\/tractambe-sad.com\/inicio\/inicio\/serveis\/serveis-assistencials-domicili-sad\/compra-i-realitzacio-dapats\/\" \/>\n<meta property=\"og:locale\" content=\"ca_ES\" \/>\n<meta property=\"og:type\" content=\"article\" \/>\n<meta property=\"og:title\" content=\"Compra i Realitzaci\u00f3 d&#039;\u00c0pats - Tracta&#039;m B\u00e9\" \/>\n<meta property=\"og:url\" content=\"https:\/\/tractambe-sad.com\/inicio\/inicio\/serveis\/serveis-assistencials-domicili-sad\/compra-i-realitzacio-dapats\/\" \/>\n<meta property=\"og:site_name\" content=\"Tracta&#039;m B\u00e9\" \/>\n<meta property=\"article:modified_time\" content=\"2024-01-08T15:27:49+00:00\" \/>\n<meta name=\"twitter:card\" content=\"summary_large_image\" \/>\n<meta name=\"twitter:label1\" content=\"Temps estimat de lectura\" \/>\n\t<meta name=\"twitter:data1\" content=\"4 minuts\" \/>\n<script type=\"application\/ld+json\" class=\"yoast-schema-graph\">{\"@context\":\"https:\/\/schema.org\",\"@graph\":[{\"@type\":\"WebSite\",\"@id\":\"https:\/\/tractambe-sad.com\/inicio\/inicio\/#website\",\"url\":\"https:\/\/tractambe-sad.com\/inicio\/inicio\/\",\"name\":\"Tracta&#039;m B\u00e9\",\"description\":\"Serveis d&#039;Atenci\u00f3 Domicili\u00e0ria\",\"potentialAction\":[{\"@type\":\"SearchAction\",\"target\":{\"@type\":\"EntryPoint\",\"urlTemplate\":\"https:\/\/tractambe-sad.com\/inicio\/inicio\/?s={search_term_string}\"},\"query-input\":\"required name=search_term_string\"}],\"inLanguage\":\"ca\"},{\"@type\":\"WebPage\",\"@id\":\"https:\/\/tractambe-sad.com\/inicio\/inicio\/serveis\/serveis-assistencials-domicili-sad\/compra-i-realitzacio-dapats\/#webpage\",\"url\":\"https:\/\/tractambe-sad.com\/inicio\/inicio\/serveis\/serveis-assistencials-domicili-sad\/compra-i-realitzacio-dapats\/\",\"name\":\"Compra i Realitzaci\u00f3 d'\u00c0pats - Tracta&#039;m B\u00e9\",\"isPartOf\":{\"@id\":\"https:\/\/tractambe-sad.com\/inicio\/inicio\/#website\"},\"datePublished\":\"2019-03-29T17:30:26+00:00\",\"dateModified\":\"2024-01-08T15:27:49+00:00\",\"breadcrumb\":{\"@id\":\"https:\/\/tractambe-sad.com\/inicio\/inicio\/serveis\/serveis-assistencials-domicili-sad\/compra-i-realitzacio-dapats\/#breadcrumb\"},\"inLanguage\":\"ca\",\"potentialAction\":[{\"@type\":\"ReadAction\",\"target\":[\"https:\/\/tractambe-sad.com\/inicio\/inicio\/serveis\/serveis-assistencials-domicili-sad\/compra-i-realitzacio-dapats\/\"]}]},{\"@type\":\"BreadcrumbList\",\"@id\":\"https:\/\/tractambe-sad.com\/inicio\/inicio\/serveis\/serveis-assistencials-domicili-sad\/compra-i-realitzacio-dapats\/#breadcrumb\",\"itemListElement\":[{\"@type\":\"ListItem\",\"position\":1,\"name\":\"Portada\",\"item\":\"https:\/\/tractambe-sad.com\/inicio\/inicio\/\"},{\"@type\":\"ListItem\",\"position\":2,\"name\":\"Serveis\",\"item\":\"https:\/\/tractambe-sad.com\/inicio\/inicio\/serveis\/\"},{\"@type\":\"ListItem\",\"position\":3,\"name\":\"Serveis assistencials a domicili SAD\",\"item\":\"https:\/\/tractambe-sad.com\/inicio\/inicio\/serveis\/serveis-assistencials-domicili-sad\/\"},{\"@type\":\"ListItem\",\"position\":4,\"name\":\"Compra i Realitzaci\u00f3 d&#8217;\u00c0pats\"}]}]}<\/script>\n<!-- \/ Yoast SEO plugin. -->","yoast_head_json":{"title":"Compra i Realitzaci\u00f3 d'\u00c0pats - Tracta&#039;m B\u00e9","robots":{"index":"index","follow":"follow","max-snippet":"max-snippet:-1","max-image-preview":"max-image-preview:large","max-video-preview":"max-video-preview:-1"},"canonical":"https:\/\/tractambe-sad.com\/inicio\/inicio\/serveis\/serveis-assistencials-domicili-sad\/compra-i-realitzacio-dapats\/","og_locale":"ca_ES","og_type":"article","og_title":"Compra i Realitzaci\u00f3 d'\u00c0pats - Tracta&#039;m B\u00e9","og_url":"https:\/\/tractambe-sad.com\/inicio\/inicio\/serveis\/serveis-assistencials-domicili-sad\/compra-i-realitzacio-dapats\/","og_site_name":"Tracta&#039;m B\u00e9","article_modified_time":"2024-01-08T15:27:49+00:00","twitter_card":"summary_large_image","twitter_misc":{"Temps estimat de lectura":"4 minuts"},"schema":{"@context":"https:\/\/schema.org","@graph":[{"@type":"WebSite","@id":"https:\/\/tractambe-sad.com\/inicio\/inicio\/#website","url":"https:\/\/tractambe-sad.com\/inicio\/inicio\/","name":"Tracta&#039;m B\u00e9","description":"Serveis d&#039;Atenci\u00f3 Domicili\u00e0ria","potentialAction":[{"@type":"SearchAction","target":{"@type":"EntryPoint","urlTemplate":"https:\/\/tractambe-sad.com\/inicio\/inicio\/?s={search_term_string}"},"query-input":"required name=search_term_string"}],"inLanguage":"ca"},{"@type":"WebPage","@id":"https:\/\/tractambe-sad.com\/inicio\/inicio\/serveis\/serveis-assistencials-domicili-sad\/compra-i-realitzacio-dapats\/#webpage","url":"https:\/\/tractambe-sad.com\/inicio\/inicio\/serveis\/serveis-assistencials-domicili-sad\/compra-i-realitzacio-dapats\/","name":"Compra i Realitzaci\u00f3 d'\u00c0pats - Tracta&#039;m B\u00e9","isPartOf":{"@id":"https:\/\/tractambe-sad.com\/inicio\/inicio\/#website"},"datePublished":"2019-03-29T17:30:26+00:00","dateModified":"2024-01-08T15:27:49+00:00","breadcrumb":{"@id":"https:\/\/tractambe-sad.com\/inicio\/inicio\/serveis\/serveis-assistencials-domicili-sad\/compra-i-realitzacio-dapats\/#breadcrumb"},"inLanguage":"ca","potentialAction":[{"@type":"ReadAction","target":["https:\/\/tractambe-sad.com\/inicio\/inicio\/serveis\/serveis-assistencials-domicili-sad\/compra-i-realitzacio-dapats\/"]}]},{"@type":"BreadcrumbList","@id":"https:\/\/tractambe-sad.com\/inicio\/inicio\/serveis\/serveis-assistencials-domicili-sad\/compra-i-realitzacio-dapats\/#breadcrumb","itemListElement":[{"@type":"ListItem","position":1,"name":"Portada","item":"https:\/\/tractambe-sad.com\/inicio\/inicio\/"},{"@type":"ListItem","position":2,"name":"Serveis","item":"https:\/\/tractambe-sad.com\/inicio\/inicio\/serveis\/"},{"@type":"ListItem","position":3,"name":"Serveis assistencials a domicili SAD","item":"https:\/\/tractambe-sad.com\/inicio\/inicio\/serveis\/serveis-assistencials-domicili-sad\/"},{"@type":"ListItem","position":4,"name":"Compra i Realitzaci\u00f3 d&#8217;\u00c0pats"}]}]}},"_links":{"self":[{"href":"https:\/\/tractambe-sad.com\/inicio\/inicio\/wp-json\/wp\/v2\/pages\/568"}],"collection":[{"href":"https:\/\/tractambe-sad.com\/inicio\/inicio\/wp-json\/wp\/v2\/pages"}],"about":[{"href":"https:\/\/tractambe-sad.com\/inicio\/inicio\/wp-json\/wp\/v2\/types\/page"}],"author":[{"embeddable":true,"href":"https:\/\/tractambe-sad.com\/inicio\/inicio\/wp-json\/wp\/v2\/users\/1"}],"replies":[{"embeddable":true,"href":"https:\/\/tractambe-sad.com\/inicio\/inicio\/wp-json\/wp\/v2\/comments?post=568"}],"version-history":[{"count":1,"href":"https:\/\/tractambe-sad.com\/inicio\/inicio\/wp-json\/wp\/v2\/pages\/568\/revisions"}],"predecessor-version":[{"id":569,"href":"https:\/\/tractambe-sad.com\/inicio\/inicio\/wp-json\/wp\/v2\/pages\/568\/revisions\/569"}],"up":[{"embeddable":true,"href":"https:\/\/tractambe-sad.com\/inicio\/inicio\/wp-json\/wp\/v2\/pages\/349"}],"wp:attachment":[{"href":"https:\/\/tractambe-sad.com\/inicio\/inicio\/wp-json\/wp\/v2\/media?parent=568"}],"curies":[{"name":"wp","href":"https:\/\/api.w.org\/{rel}","templated":true}]}}